{"id":16,"date":"2025-02-27T10:31:39","date_gmt":"2025-02-27T09:31:39","guid":{"rendered":"https:\/\/www-2025.cdl.giurisprudenza.uniroma2.it\/?page_id=16"},"modified":"2025-10-21T15:49:40","modified_gmt":"2025-10-21T13:49:40","slug":"il-corso","status":"publish","type":"page","link":"https:\/\/cdl.giurisprudenza.uniroma2.it\/?page_id=16","title":{"rendered":"Il Corso"},"content":{"rendered":"\n<p><strong>Programma<\/strong> <strong>di studi<\/strong><\/p>\n\n\n\n<p>La laurea magistrale a ciclo unico in Giurisprudenza si propone di formare giuristi qualificati e competitivi a livello italiano e internazionale.<br>Il programma di studi \u00e8 articolato in una serie di esami obbligatori, che costituiscono l\u2019ossatura del corso di studio, e in esami opzionali che permettono allo studente di modulare la formazione in relazione a specifiche esigenze. In questa scelta, lo studente pu\u00f2 anche avvalersi di percorsi predeterminati, denominati indirizzi: privatistico, pubblicistico, amministrativistico, commercialistico e della salute e dello sport. Il ciclo di studi si conclude con la discussione di una tesi di laurea, redatta sotto la guida di un docente relatore, che costituisce una significativa esperienza di ricerca. In aggiunta alla preparazione degli esami e alla redazione della tesi, sono possibili esperienze formative ulteriori, come tirocini presso studi legali, enti o aziende, lavoro part-time presso l\u2019Universit\u00e0, coinvolgimento in iniziative didattiche e di ricerca.<\/p>\n\n\n\n<p><strong>Obiettivi formativi<\/strong><\/p>\n\n\n\n<p>Il corso fornisce agli studenti una formazione completa ed equilibrata, bilanciata tra formazione teorica di base, approfondimenti di settore e applicazione pratica.<br>In particolare, il Corso di studio trasmette agli studenti:<br>\u2014 solide coordinate storico-sistematiche;<br>\u2014 consapevolezza della collocazione del diritto nazionale nel panorama europeo e internazionale;<br>\u2014 capacit\u00e0 di interpretare le norme per la soluzione di problemi anche di elevata complessit\u00e0;<br>\u2014 capacit\u00e0 di risolvere casi concreti sulla base dei dati normativi, dottrinali e giurisprudenziali;<br>\u2014 capacit\u00e0 di predisporre atti giuridici di varia natura.<\/p>\n\n\n\n<p><strong>Prospettive<\/strong> <strong>professionali<\/strong><\/p>\n\n\n\n<p>La laurea magistrale in Giurisprudenza permette innanzi tutto di accedere alle professioni tradizionali di avvocato, magistrato e notaio: per favorire questo accesso, \u00e8 attivata nella Macroarea di Giurisprudenza la Scuola di specializzazione per le professioni legali. La laurea in Giurisprudenza permette inoltre di accedere all\u2019impiego pubblico o privato, che oggi \u00e8 offerto anche da autorit\u00e0 indipendenti o enti internazionali, di indirizzarsi verso settori rilevanti dell\u2019economia (bancario, finanziario, assicurativo, dei trasporti e altri), oppure di proseguire la formazione a livelli pi\u00f9 avanzati e di eccellenza, poich\u00e9 si coordina con i dottorati di ricerca, i master, i corsi di perfezionamento e di formazione attivati presso l\u2019Universit\u00e0 di Roma \u2018Tor Vergata\u2019.<\/p>\n\n\n\n<p><strong>Tradizione<\/strong> <strong>e innovazione<\/strong><\/p>\n\n\n\n<p>Studiare diritto significa entrare a far parte di una tradizione di studi millenaria, che contribuisce scientificamente e praticamente all\u2019organizzazione della societ\u00e0. Quella del giurista \u00e8 dunque una fondamentale funzione civile, che per essere svolta correttamente richiede in primo luogo l\u2019acquisizione di una peculiare forma mentis, che pu\u00f2 essere ottenuta solo facendo propri gli strumenti scientifici elaborati dalla tradizione. Tuttavia, proprio per la sua funzione sociale, la scienza giuridica \u00e8 sottoposta a un continuo rinnovamento, seguendo e talora anticipando le trasformazioni dell\u2019economia e della societ\u00e0. L\u2019offerta formativa del corso di laurea magistrale in Giurisprudenza si indirizza dunque sia allo studio della formazione storica degli istituti giuridici, sia a problemi di teoria generale, sia allo studio istituzionale e avanzato dei singoli settori del diritto, sia alla dialettica tra il diritto e altre scienze, in particolare l\u2019economia.<\/p>\n\n\n\n<p><strong>Lezioni,<\/strong> <strong>seminari, cliniche legali, iniziative scientifiche<\/strong><\/p>\n\n\n\n<p>La laurea magistrale in Giurisprudenza \u00e8 concepita in modo tale da offrire agli studenti elevati standard di eccellenza. Una peculiare metodologia di seminario \u00e8 quella delle cd. \u2018cliniche legali\u2019, nelle quali si esaminano casi reali e si redigono atti e pareri sotto la supervisione di docenti e professionisti. In aggiunta a tutto questo, gli studenti partecipano agli incontri scientifici (congressi e seminari) promossi dai docenti del corso, che costituiscono uno strumento estremamente utile per introdurre gli studenti al dibattito scientifico e alla ricerca.<\/p>\n\n\n\n<p><strong>Internazionalizzazione<\/strong><\/p>\n\n\n\n<p>Il corso di laurea \u00e8 incentrato sulla conoscenza dell\u2019ordinamento italiano, necessaria per svolgere la funzione di giurista nel nostro paese, ma lo studente acquisisce anche significative competenze nel diritto internazionale, nel diritto dell\u2019Unione europea, nonch\u00e9 nel diritto di altri paesi \u2013 in particolare al common law, al diritto islamico, al diritto cinese.<br>Gli insegnamenti prevedono spesso la possibilit\u00e0 di frequentare seminari integrativi tenuti da docenti stranieri, anche in lingua inglese.<br>\u00c8 fortemente promossa la possibilit\u00e0 di circolazione e mobilit\u00e0 degli studenti in ambito europeo, in particolare attraverso il sistema Erasmus+, nonch\u00e9 in paesi extra-europei, sulla base di scambi culturali con paesi dell\u2019America latina, di tradizione islamica o con la Cina.<\/p>\n\n\n\n<p><strong>Accordo<\/strong> <strong>con la Facolt\u00e0 di Economia per la seconda laurea<\/strong><\/p>\n\n\n\n<p>Sulla base di un\u2019intesa con la Facolt\u00e0 di Economia dell\u2019Universit\u00e0 di Roma \u2018Tor Vergata\u2019, \u00e8 possibile seguire un percorso di studi che faciliti l\u2019ottenimento della seconda laurea magistrale in Economia e Management, con accesso automatico al secondo anno del curriculum \u201cGiurista d\u2019impresa\u201d, scegliendo i seguenti esami opzionali o a scelta mutuati: Economia aziendale (SECS-P\/07), Contabilit\u00e0 e bilancio (SECS-P\/07) Bilancio e comunicazione economico-finanziaria (SECS-P\/07), Statistica (SECS-S\/03), Politica Economica (SECS-P\/02).<br><a href=\"https:\/\/www-2025.cdl.giurisprudenza.uniroma2.it\/wp-content\/uploads\/2025\/06\/Intesa-con-Facolta-Economia-per-conseguimento-facilitato-laurea-magistrale-in-Economia-e-Management.pdf\"><strong>MAGGIORI INFO<\/strong><\/a><\/p>\n\n\n\n<p><\/p>\n","protected":false},"excerpt":{"rendered":"<p>Programma di studi La laurea magistrale a ciclo unico in Giurisprudenza si propone di formare giuristi qualificati e competitivi a livello italiano e internazionale.Il programma di studi \u00e8 articolato in una serie di esami obbligatori, che costituiscono l\u2019ossatura del corso<\/p>\n","protected":false},"author":2,"featured_media":0,"parent":0,"menu_order":0,"comment_status":"closed","ping_status":"closed","template":"","meta":{"footnotes":""},"class_list":["post-16","page","type-page","status-publish","hentry"],"_links":{"self":[{"href":"https:\/\/cdl.giurisprudenza.uniroma2.it\/index.php?rest_route=\/wp\/v2\/pages\/16","targetHints":{"allow":["GET"]}}],"collection":[{"href":"https:\/\/cdl.giurisprudenza.uniroma2.it\/index.php?rest_route=\/wp\/v2\/pages"}],"about":[{"href":"https:\/\/cdl.giurisprudenza.uniroma2.it\/index.php?rest_route=\/wp\/v2\/types\/page"}],"author":[{"embeddable":true,"href":"https:\/\/cdl.giurisprudenza.uniroma2.it\/index.php?rest_route=\/wp\/v2\/users\/2"}],"replies":[{"embeddable":true,"href":"https:\/\/cdl.giurisprudenza.uniroma2.it\/index.php?rest_route=%2Fwp%2Fv2%2Fcomments&post=16"}],"version-history":[{"count":4,"href":"https:\/\/cdl.giurisprudenza.uniroma2.it\/index.php?rest_route=\/wp\/v2\/pages\/16\/revisions"}],"predecessor-version":[{"id":897,"href":"https:\/\/cdl.giurisprudenza.uniroma2.it\/index.php?rest_route=\/wp\/v2\/pages\/16\/revisions\/897"}],"wp:attachment":[{"href":"https:\/\/cdl.giurisprudenza.uniroma2.it\/index.php?rest_route=%2Fwp%2Fv2%2Fmedia&parent=16"}],"curies":[{"name":"wp","href":"https:\/\/api.w.org\/{rel}","templated":true}]}}