{"id":231,"date":"2025-06-19T12:03:12","date_gmt":"2025-06-19T10:03:12","guid":{"rendered":"https:\/\/www-2025.cdl.giurisprudenza.uniroma2.it\/?page_id=231"},"modified":"2025-07-15T12:54:07","modified_gmt":"2025-07-15T10:54:07","slug":"futuri-studenti","status":"publish","type":"page","link":"https:\/\/cdl.giurisprudenza.uniroma2.it\/?page_id=231","title":{"rendered":"Futuri studenti"},"content":{"rendered":"\n<p>Per l\u2019immatricolazione al primo anno del Corso di laurea in\u00a0<strong>Giurisprudenza<\/strong>\u00a0\u00e8\u00a0<strong>obbligatorio sostenere un TEST DI VALUTAZIONE DELLA PREPARAZIONE INIZIALE.<\/strong><\/p>\n\n\n\n<p><strong>Tale test non \u00e8 selettivo e non preclude la possibilit\u00e0 di immatricolarsi,<\/strong>&nbsp;ma servir\u00e0 a verificare il possesso delle conoscenze di base indispensabili.<\/p>\n\n\n\n<p><strong><a href=\"https:\/\/www-2025.cdl.giurisprudenza.uniroma2.it\/wp-content\/uploads\/2025\/06\/AVVISO-immatricolazione-_corsi-di-studio-_DIPARTIMENTO-GIURISPRUDENZA-_-A.A.2025-2026.pdf\">Iscriviti al test di valutazione della preparazione iniziale<\/a>,&nbsp;<\/strong>esamina le informazioni sui&nbsp;<strong>criteri di ammissione<\/strong>,&nbsp;<strong>le date<\/strong>&nbsp;e le&nbsp;<strong>scadenze<\/strong>&nbsp;importanti, poi procedi con l\u2019immatricolazione on line.<\/p>\n\n\n\n<p><\/p>\n","protected":false},"excerpt":{"rendered":"<p>Per l\u2019immatricolazione al primo anno del Corso di laurea in\u00a0Giurisprudenza\u00a0\u00e8\u00a0obbligatorio sostenere un TEST DI VALUTAZIONE DELLA PREPARAZIONE INIZIALE. Tale test non \u00e8 selettivo e non preclude la possibilit\u00e0 di immatricolarsi,&nbsp;ma servir\u00e0 a verificare il possesso delle conoscenze di base indispensabili.<\/p>\n","protected":false},"author":3,"featured_media":0,"parent":0,"menu_order":0,"comment_status":"closed","ping_status":"closed","template":"","meta":{"footnotes":""},"class_list":["post-231","page","type-page","status-publish","hentry"],"_links":{"self":[{"href":"https:\/\/cdl.giurisprudenza.uniroma2.it\/index.php?rest_route=\/wp\/v2\/pages\/231","targetHints":{"allow":["GET"]}}],"collection":[{"href":"https:\/\/cdl.giurisprudenza.uniroma2.it\/index.php?rest_route=\/wp\/v2\/pages"}],"about":[{"href":"https:\/\/cdl.giurisprudenza.uniroma2.it\/index.php?rest_route=\/wp\/v2\/types\/page"}],"author":[{"embeddable":true,"href":"https:\/\/cdl.giurisprudenza.uniroma2.it\/index.php?rest_route=\/wp\/v2\/users\/3"}],"replies":[{"embeddable":true,"href":"https:\/\/cdl.giurisprudenza.uniroma2.it\/index.php?rest_route=%2Fwp%2Fv2%2Fcomments&post=231"}],"version-history":[{"count":3,"href":"https:\/\/cdl.giurisprudenza.uniroma2.it\/index.php?rest_route=\/wp\/v2\/pages\/231\/revisions"}],"predecessor-version":[{"id":443,"href":"https:\/\/cdl.giurisprudenza.uniroma2.it\/index.php?rest_route=\/wp\/v2\/pages\/231\/revisions\/443"}],"wp:attachment":[{"href":"https:\/\/cdl.giurisprudenza.uniroma2.it\/index.php?rest_route=%2Fwp%2Fv2%2Fmedia&parent=231"}],"curies":[{"name":"wp","href":"https:\/\/api.w.org\/{rel}","templated":true}]}}